{"id":41,"date":"2023-11-12T12:17:40","date_gmt":"2023-11-12T12:17:40","guid":{"rendered":"https:\/\/parejasliberalesenmurcia.mundolumis.com\/index.php\/about-us\/"},"modified":"2023-11-12T12:42:30","modified_gmt":"2023-11-12T12:42:30","slug":"about-us","status":"publish","type":"page","link":"https:\/\/parejasliberalesenmurcia.mundolumis.com\/index.php\/about-us\/","title":{"rendered":"About Us"},"content":{"rendered":"\t\t<div data-elementor-type=\"wp-page\" data-elementor-id=\"41\" class=\"elementor elementor-41\">\n\t\t\t\t\t\t\t<div class=\"elementor-element elementor-element-52e6a706 e-con-full e-flex e-con e-parent\" data-id=\"52e6a706\" data-element_type=\"container\" data-settings=\"{&quot;content_width&quot;:&quot;full&quot;}\" data-core-v316-plus=\"true\">\n\t\t<div class=\"elementor-element elementor-element-1fe0dd57 e-con-full e-flex e-con e-child\" data-id=\"1fe0dd57\" data-element_type=\"container\" data-settings=\"{&quot;content_width&quot;:&quot;full&quot;}\">\n\t\t<div class=\"elementor-element elementor-element-482d9685 e-con-full e-flex e-con e-child\" data-id=\"482d9685\" data-element_type=\"container\" data-settings=\"{&quot;content_width&quot;:&quot;full&quot;}\">\n\t\t\t\t<div class=\"elementor-element elementor-element-b4adbff elementor-widget elementor-widget-heading\" data-id=\"b4adbff\" data-element_type=\"widget\" data-widget_type=\"heading.default\">\n\t\t\t\t<div class=\"elementor-widget-container\">\n\t\t\t<style>\/*! elementor - v3.17.0 - 08-11-2023 *\/\n.elementor-heading-title{padding:0;margin:0;line-height:1}.elementor-widget-heading .elementor-heading-title[class*=elementor-size-]>a{color:inherit;font-size:inherit;line-height:inherit}.elementor-widget-heading .elementor-heading-title.elementor-size-small{font-size:15px}.elementor-widget-heading .elementor-heading-title.elementor-size-medium{font-size:19px}.elementor-widget-heading .elementor-heading-title.elementor-size-large{font-size:29px}.elementor-widget-heading .elementor-heading-title.elementor-size-xl{font-size:39px}.elementor-widget-heading .elementor-heading-title.elementor-size-xxl{font-size:59px}<\/style><h1 class=\"elementor-heading-title elementor-size-default\">Somos un grupo de personas liberales\n<\/h1>\t\t<\/div>\n\t\t\t\t<\/div>\n\t\t\t\t<div class=\"elementor-element elementor-element-27ddd1d elementor-widget__width-initial elementor-invisible elementor-widget elementor-widget-text-editor\" data-id=\"27ddd1d\" data-element_type=\"widget\" data-settings=\"{&quot;_animation&quot;:&quot;fadeInDown&quot;}\" data-widget_type=\"text-editor.default\">\n\t\t\t\t<div class=\"elementor-widget-container\">\n\t\t\t<style>\/*! elementor - v3.17.0 - 08-11-2023 *\/\n.elementor-widget-text-editor.elementor-drop-cap-view-stacked .elementor-drop-cap{background-color:#69727d;color:#fff}.elementor-widget-text-editor.elementor-drop-cap-view-framed .elementor-drop-cap{color:#69727d;border:3px solid;background-color:transparent}.elementor-widget-text-editor:not(.elementor-drop-cap-view-default) .elementor-drop-cap{margin-top:8px}.elementor-widget-text-editor:not(.elementor-drop-cap-view-default) .elementor-drop-cap-letter{width:1em;height:1em}.elementor-widget-text-editor .elementor-drop-cap{float:left;text-align:center;line-height:1;font-size:50px}.elementor-widget-text-editor .elementor-drop-cap-letter{display:inline-block}<\/style>\t\t\t\t<p>\u00danete a nosotros y conoce los mejores locales swingers en Murcia. Conoce parejas liberales en Murcia hoy mismo.<\/p>\t\t\t\t\t\t<\/div>\n\t\t\t\t<\/div>\n\t\t\t\t<\/div>\n\t\t\t\t<div class=\"elementor-element elementor-element-5a0bf658 elementor-invisible elementor-widget elementor-widget-heading\" data-id=\"5a0bf658\" data-element_type=\"widget\" data-settings=\"{&quot;_animation&quot;:&quot;fadeInUp&quot;}\" data-widget_type=\"heading.default\">\n\t\t\t\t<div class=\"elementor-widget-container\">\n\t\t\t<span class=\"elementor-heading-title elementor-size-default\">studio<\/span>\t\t<\/div>\n\t\t\t\t<\/div>\n\t\t\t\t<\/div>\n\t\t<div class=\"elementor-element elementor-element-bc86e10 e-con-full e-flex e-con e-child\" data-id=\"bc86e10\" data-element_type=\"container\" data-settings=\"{&quot;background_background&quot;:&quot;classic&quot;,&quot;content_width&quot;:&quot;full&quot;}\">\n\t\t\t\t<div class=\"elementor-element elementor-element-3800846 elementor-widget elementor-widget-image\" data-id=\"3800846\" data-element_type=\"widget\" data-widget_type=\"image.default\">\n\t\t\t\t<div class=\"elementor-widget-container\">\n\t\t\t<style>\/*! elementor - v3.17.0 - 08-11-2023 *\/\n.elementor-widget-image{text-align:center}.elementor-widget-image a{display:inline-block}.elementor-widget-image a img[src$=\".svg\"]{width:48px}.elementor-widget-image img{vertical-align:middle;display:inline-block}<\/style>\t\t\t\t\t\t\t\t\t\t\t\t<img fetchpriority=\"high\" decoding=\"async\" width=\"800\" height=\"800\" src=\"https:\/\/parejasliberalesenmurcia.mundolumis.com\/wp-content\/uploads\/2023\/11\/parejas-liberales-en-murcia-1024x1024.png\" class=\"attachment-large size-large wp-image-92\" alt=\"parejas-liberales-en-murcia\" srcset=\"https:\/\/parejasliberalesenmurcia.mundolumis.com\/wp-content\/uploads\/2023\/11\/parejas-liberales-en-murcia-1024x1024.png 1024w, https:\/\/parejasliberalesenmurcia.mundolumis.com\/wp-content\/uploads\/2023\/11\/parejas-liberales-en-murcia-300x300.png 300w, https:\/\/parejasliberalesenmurcia.mundolumis.com\/wp-content\/uploads\/2023\/11\/parejas-liberales-en-murcia-150x150.png 150w, https:\/\/parejasliberalesenmurcia.mundolumis.com\/wp-content\/uploads\/2023\/11\/parejas-liberales-en-murcia-768x768.png 768w, https:\/\/parejasliberalesenmurcia.mundolumis.com\/wp-content\/uploads\/2023\/11\/parejas-liberales-en-murcia.png 1080w\" sizes=\"(max-width: 800px) 100vw, 800px\" \/>\t\t\t\t\t\t\t\t\t\t\t\t\t\t\t<\/div>\n\t\t\t\t<\/div>\n\t\t\t\t<\/div>\n\t\t\t\t<\/div>\n\t\t<div class=\"elementor-element elementor-element-43730e5a e-con-full e-flex e-con e-parent\" data-id=\"43730e5a\" data-element_type=\"container\" data-settings=\"{&quot;content_width&quot;:&quot;full&quot;}\" data-core-v316-plus=\"true\">\n\t\t<div class=\"elementor-element elementor-element-4750db02 e-con-full e-flex e-con e-child\" data-id=\"4750db02\" data-element_type=\"container\" data-settings=\"{&quot;background_background&quot;:&quot;classic&quot;,&quot;content_width&quot;:&quot;full&quot;}\">\n\t\t\t\t<div class=\"elementor-element elementor-element-524704d elementor-widget elementor-widget-image\" data-id=\"524704d\" data-element_type=\"widget\" data-widget_type=\"image.default\">\n\t\t\t\t<div class=\"elementor-widget-container\">\n\t\t\t\t\t\t\t\t\t\t\t\t\t\t\t<img decoding=\"async\" width=\"1080\" height=\"1080\" src=\"https:\/\/parejasliberalesenmurcia.mundolumis.com\/wp-content\/uploads\/2023\/11\/parejasliberalesenmurcia.png\" class=\"attachment-full size-full wp-image-93\" alt=\"parejasliberalesenmurcia\" srcset=\"https:\/\/parejasliberalesenmurcia.mundolumis.com\/wp-content\/uploads\/2023\/11\/parejasliberalesenmurcia.png 1080w, https:\/\/parejasliberalesenmurcia.mundolumis.com\/wp-content\/uploads\/2023\/11\/parejasliberalesenmurcia-300x300.png 300w, https:\/\/parejasliberalesenmurcia.mundolumis.com\/wp-content\/uploads\/2023\/11\/parejasliberalesenmurcia-1024x1024.png 1024w, https:\/\/parejasliberalesenmurcia.mundolumis.com\/wp-content\/uploads\/2023\/11\/parejasliberalesenmurcia-150x150.png 150w, https:\/\/parejasliberalesenmurcia.mundolumis.com\/wp-content\/uploads\/2023\/11\/parejasliberalesenmurcia-768x768.png 768w\" sizes=\"(max-width: 1080px) 100vw, 1080px\" \/>\t\t\t\t\t\t\t\t\t\t\t\t\t\t\t<\/div>\n\t\t\t\t<\/div>\n\t\t\t\t<\/div>\n\t\t<div class=\"elementor-element elementor-element-5b146aef e-con-full e-flex e-con e-child\" data-id=\"5b146aef\" data-element_type=\"container\" data-settings=\"{&quot;content_width&quot;:&quot;full&quot;}\">\n\t\t\t\t<div class=\"elementor-element elementor-element-c515ef4 elementor-widget elementor-widget-heading\" data-id=\"c515ef4\" data-element_type=\"widget\" data-widget_type=\"heading.default\">\n\t\t\t\t<div class=\"elementor-widget-container\">\n\t\t\t<h2 class=\"elementor-heading-title elementor-size-default\">Nos encanta disfrutar<\/h2>\t\t<\/div>\n\t\t\t\t<\/div>\n\t\t\t\t<div class=\"elementor-element elementor-element-64dad73d elementor-widget elementor-widget-text-editor\" data-id=\"64dad73d\" data-element_type=\"widget\" data-widget_type=\"text-editor.default\">\n\t\t\t\t<div class=\"elementor-widget-container\">\n\t\t\t\t\t\t\t<p>El sexo y la pasi\u00f3n son ingredientes fundamentales para que una relaci\u00f3n funcione y nosotros lo sabemos muy bien.\u00a0<\/p><p>Amo a mi pareja pero la amo todav\u00eda m\u00e1s cuando es libre.<\/p>\t\t\t\t\t\t<\/div>\n\t\t\t\t<\/div>\n\t\t\t\t<\/div>\n\t\t\t\t<\/div>\n\t\t<div class=\"elementor-element elementor-element-1f5483c3 e-con-full e-flex e-con e-parent\" data-id=\"1f5483c3\" data-element_type=\"container\" data-settings=\"{&quot;content_width&quot;:&quot;full&quot;}\" data-core-v316-plus=\"true\">\n\t\t\t\t<div class=\"elementor-element elementor-element-7b7ecf18 elementor-widget elementor-widget-heading\" data-id=\"7b7ecf18\" data-element_type=\"widget\" data-widget_type=\"heading.default\">\n\t\t\t\t<div class=\"elementor-widget-container\">\n\t\t\t<span class=\"elementor-heading-title elementor-size-default\">parejas liberales<\/span>\t\t<\/div>\n\t\t\t\t<\/div>\n\t\t<div class=\"elementor-element elementor-element-789718db e-con-full e-flex e-con e-child\" data-id=\"789718db\" data-element_type=\"container\" data-settings=\"{&quot;content_width&quot;:&quot;full&quot;}\">\n\t\t\t\t<div class=\"elementor-element elementor-element-4654ce04 elementor-widget-tablet__width-initial elementor-widget-mobile__width-inherit elementor-position-top elementor-widget elementor-widget-image-box\" data-id=\"4654ce04\" data-element_type=\"widget\" data-widget_type=\"image-box.default\">\n\t\t\t\t<div class=\"elementor-widget-container\">\n\t\t\t<style>\/*! elementor - v3.17.0 - 08-11-2023 *\/\n.elementor-widget-image-box .elementor-image-box-content{width:100%}@media (min-width:768px){.elementor-widget-image-box.elementor-position-left .elementor-image-box-wrapper,.elementor-widget-image-box.elementor-position-right .elementor-image-box-wrapper{display:flex}.elementor-widget-image-box.elementor-position-right .elementor-image-box-wrapper{text-align:right;flex-direction:row-reverse}.elementor-widget-image-box.elementor-position-left .elementor-image-box-wrapper{text-align:left;flex-direction:row}.elementor-widget-image-box.elementor-position-top .elementor-image-box-img{margin:auto}.elementor-widget-image-box.elementor-vertical-align-top .elementor-image-box-wrapper{align-items:flex-start}.elementor-widget-image-box.elementor-vertical-align-middle .elementor-image-box-wrapper{align-items:center}.elementor-widget-image-box.elementor-vertical-align-bottom .elementor-image-box-wrapper{align-items:flex-end}}@media (max-width:767px){.elementor-widget-image-box .elementor-image-box-img{margin-left:auto!important;margin-right:auto!important;margin-bottom:15px}}.elementor-widget-image-box .elementor-image-box-img{display:inline-block}.elementor-widget-image-box .elementor-image-box-title a{color:inherit}.elementor-widget-image-box .elementor-image-box-wrapper{text-align:center}.elementor-widget-image-box .elementor-image-box-description{margin:0}<\/style><div class=\"elementor-image-box-wrapper\"><figure class=\"elementor-image-box-img\"><a href=\"https:\/\/parejasliberalesx.com\/\" tabindex=\"-1\"><img decoding=\"async\" width=\"300\" height=\"300\" src=\"https:\/\/parejasliberalesenmurcia.mundolumis.com\/wp-content\/uploads\/2023\/11\/parejasliberalesmurcia-300x300.png\" class=\"elementor-animation-sink attachment-medium size-medium wp-image-94\" alt=\"parejasliberalesmurcia\" srcset=\"https:\/\/parejasliberalesenmurcia.mundolumis.com\/wp-content\/uploads\/2023\/11\/parejasliberalesmurcia-300x300.png 300w, https:\/\/parejasliberalesenmurcia.mundolumis.com\/wp-content\/uploads\/2023\/11\/parejasliberalesmurcia-1024x1024.png 1024w, https:\/\/parejasliberalesenmurcia.mundolumis.com\/wp-content\/uploads\/2023\/11\/parejasliberalesmurcia-150x150.png 150w, https:\/\/parejasliberalesenmurcia.mundolumis.com\/wp-content\/uploads\/2023\/11\/parejasliberalesmurcia-768x768.png 768w, https:\/\/parejasliberalesenmurcia.mundolumis.com\/wp-content\/uploads\/2023\/11\/parejasliberalesmurcia.png 1080w\" sizes=\"(max-width: 300px) 100vw, 300px\" \/><\/a><\/figure><div class=\"elementor-image-box-content\"><h3 class=\"elementor-image-box-title\"><a href=\"https:\/\/parejasliberalesx.com\/\">angelmia (23,29)<\/a><\/h3><p class=\"elementor-image-box-description\">\n<\/p><\/div><\/div>\t\t<\/div>\n\t\t\t\t<\/div>\n\t\t\t\t<div class=\"elementor-element elementor-element-36e6eb4b elementor-widget-tablet__width-initial elementor-widget-mobile__width-inherit elementor-position-top elementor-widget elementor-widget-image-box\" data-id=\"36e6eb4b\" data-element_type=\"widget\" data-widget_type=\"image-box.default\">\n\t\t\t\t<div class=\"elementor-widget-container\">\n\t\t\t<div class=\"elementor-image-box-wrapper\"><figure class=\"elementor-image-box-img\"><a href=\"https:\/\/parejasliberalesx.com\/\" tabindex=\"-1\"><img loading=\"lazy\" decoding=\"async\" width=\"200\" height=\"300\" src=\"https:\/\/parejasliberalesenmurcia.mundolumis.com\/wp-content\/uploads\/2023\/11\/image-1699791561-scaled.jpg\" class=\"elementor-animation-sink attachment-medium size-medium wp-image-86\" alt=\"\" \/><\/a><\/figure><div class=\"elementor-image-box-content\"><h3 class=\"elementor-image-box-title\"><a href=\"https:\/\/parejasliberalesx.com\/\">Maleko20 (40,40)<\/a><\/h3><\/div><\/div>\t\t<\/div>\n\t\t\t\t<\/div>\n\t\t\t\t<div class=\"elementor-element elementor-element-5e684e71 elementor-widget-tablet__width-initial elementor-widget-mobile__width-inherit elementor-position-top elementor-widget elementor-widget-image-box\" data-id=\"5e684e71\" data-element_type=\"widget\" data-widget_type=\"image-box.default\">\n\t\t\t\t<div class=\"elementor-widget-container\">\n\t\t\t<div class=\"elementor-image-box-wrapper\"><figure class=\"elementor-image-box-img\"><a href=\"https:\/\/parejasliberalesx.com\/\" tabindex=\"-1\"><img loading=\"lazy\" decoding=\"async\" width=\"327\" height=\"293\" src=\"https:\/\/parejasliberalesenmurcia.mundolumis.com\/wp-content\/uploads\/2023\/11\/AboutPage-Instructors_3.jpg\" class=\"elementor-animation-sink attachment-full size-full wp-image-46\" alt=\"\" srcset=\"https:\/\/parejasliberalesenmurcia.mundolumis.com\/wp-content\/uploads\/2023\/11\/AboutPage-Instructors_3.jpg 327w, https:\/\/parejasliberalesenmurcia.mundolumis.com\/wp-content\/uploads\/2023\/11\/AboutPage-Instructors_3-300x269.jpg 300w\" sizes=\"(max-width: 327px) 100vw, 327px\" \/><\/a><\/figure><div class=\"elementor-image-box-content\"><h3 class=\"elementor-image-box-title\"><a href=\"https:\/\/parejasliberalesx.com\/\">pattylet (30)<\/a><\/h3><\/div><\/div>\t\t<\/div>\n\t\t\t\t<\/div>\n\t\t\t\t<div class=\"elementor-element elementor-element-21c92be2 elementor-widget-tablet__width-initial elementor-widget-mobile__width-inherit elementor-position-top elementor-widget elementor-widget-image-box\" data-id=\"21c92be2\" data-element_type=\"widget\" data-widget_type=\"image-box.default\">\n\t\t\t\t<div class=\"elementor-widget-container\">\n\t\t\t<div class=\"elementor-image-box-wrapper\"><figure class=\"elementor-image-box-img\"><a href=\"https:\/\/parejasliberalesx.com\/\" tabindex=\"-1\"><img loading=\"lazy\" decoding=\"async\" width=\"300\" height=\"300\" src=\"https:\/\/parejasliberalesenmurcia.mundolumis.com\/wp-content\/uploads\/2023\/11\/parejas-liberales-murcia-300x300.png\" class=\"elementor-animation-sink attachment-medium size-medium wp-image-106\" alt=\"parejas-liberales-murcia\" srcset=\"https:\/\/parejasliberalesenmurcia.mundolumis.com\/wp-content\/uploads\/2023\/11\/parejas-liberales-murcia-300x300.png 300w, https:\/\/parejasliberalesenmurcia.mundolumis.com\/wp-content\/uploads\/2023\/11\/parejas-liberales-murcia-1024x1024.png 1024w, https:\/\/parejasliberalesenmurcia.mundolumis.com\/wp-content\/uploads\/2023\/11\/parejas-liberales-murcia-150x150.png 150w, https:\/\/parejasliberalesenmurcia.mundolumis.com\/wp-content\/uploads\/2023\/11\/parejas-liberales-murcia-768x768.png 768w, https:\/\/parejasliberalesenmurcia.mundolumis.com\/wp-content\/uploads\/2023\/11\/parejas-liberales-murcia.png 1080w\" sizes=\"(max-width: 300px) 100vw, 300px\" \/><\/a><\/figure><div class=\"elementor-image-box-content\"><h3 class=\"elementor-image-box-title\"><a href=\"https:\/\/parejasliberalesx.com\/\">allanarg (29,26)<\/a><\/h3><p class=\"elementor-image-box-description\">\n<\/p><\/div><\/div>\t\t<\/div>\n\t\t\t\t<\/div>\n\t\t\t\t<\/div>\n\t\t\t\t<\/div>\n\t\t<div class=\"elementor-element elementor-element-48fa67ee e-flex e-con-boxed e-con e-parent\" data-id=\"48fa67ee\" data-element_type=\"container\" data-settings=\"{&quot;content_width&quot;:&quot;boxed&quot;}\" data-core-v316-plus=\"true\">\n\t\t\t\t\t<div class=\"e-con-inner\">\n\t\t\t\t<div class=\"elementor-element elementor-element-2cbbe05 elementor-widget-divider--view-line elementor-widget elementor-widget-divider\" data-id=\"2cbbe05\" data-element_type=\"widget\" data-widget_type=\"divider.default\">\n\t\t\t\t<div class=\"elementor-widget-container\">\n\t\t\t<style>\/*! elementor - v3.17.0 - 08-11-2023 *\/\n.elementor-widget-divider{--divider-border-style:none;--divider-border-width:1px;--divider-color:#0c0d0e;--divider-icon-size:20px;--divider-element-spacing:10px;--divider-pattern-height:24px;--divider-pattern-size:20px;--divider-pattern-url:none;--divider-pattern-repeat:repeat-x}.elementor-widget-divider .elementor-divider{display:flex}.elementor-widget-divider .elementor-divider__text{font-size:15px;line-height:1;max-width:95%}.elementor-widget-divider .elementor-divider__element{margin:0 var(--divider-element-spacing);flex-shrink:0}.elementor-widget-divider .elementor-icon{font-size:var(--divider-icon-size)}.elementor-widget-divider .elementor-divider-separator{display:flex;margin:0;direction:ltr}.elementor-widget-divider--view-line_icon .elementor-divider-separator,.elementor-widget-divider--view-line_text .elementor-divider-separator{align-items:center}.elementor-widget-divider--view-line_icon .elementor-divider-separator:after,.elementor-widget-divider--view-line_icon .elementor-divider-separator:before,.elementor-widget-divider--view-line_text .elementor-divider-separator:after,.elementor-widget-divider--view-line_text .elementor-divider-separator:before{display:block;content:\"\";border-bottom:0;flex-grow:1;border-top:var(--divider-border-width) var(--divider-border-style) var(--divider-color)}.elementor-widget-divider--element-align-left .elementor-divider .elementor-divider-separator>.elementor-divider__svg:first-of-type{flex-grow:0;flex-shrink:100}.elementor-widget-divider--element-align-left .elementor-divider-separator:before{content:none}.elementor-widget-divider--element-align-left .elementor-divider__element{margin-left:0}.elementor-widget-divider--element-align-right .elementor-divider .elementor-divider-separator>.elementor-divider__svg:last-of-type{flex-grow:0;flex-shrink:100}.elementor-widget-divider--element-align-right .elementor-divider-separator:after{content:none}.elementor-widget-divider--element-align-right .elementor-divider__element{margin-right:0}.elementor-widget-divider:not(.elementor-widget-divider--view-line_text):not(.elementor-widget-divider--view-line_icon) .elementor-divider-separator{border-top:var(--divider-border-width) var(--divider-border-style) var(--divider-color)}.elementor-widget-divider--separator-type-pattern{--divider-border-style:none}.elementor-widget-divider--separator-type-pattern.elementor-widget-divider--view-line .elementor-divider-separator,.elementor-widget-divider--separator-type-pattern:not(.elementor-widget-divider--view-line) .elementor-divider-separator:after,.elementor-widget-divider--separator-type-pattern:not(.elementor-widget-divider--view-line) .elementor-divider-separator:before,.elementor-widget-divider--separator-type-pattern:not([class*=elementor-widget-divider--view]) .elementor-divider-separator{width:100%;min-height:var(--divider-pattern-height);-webkit-mask-size:var(--divider-pattern-size) 100%;mask-size:var(--divider-pattern-size) 100%;-webkit-mask-repeat:var(--divider-pattern-repeat);mask-repeat:var(--divider-pattern-repeat);background-color:var(--divider-color);-webkit-mask-image:var(--divider-pattern-url);mask-image:var(--divider-pattern-url)}.elementor-widget-divider--no-spacing{--divider-pattern-size:auto}.elementor-widget-divider--bg-round{--divider-pattern-repeat:round}.rtl .elementor-widget-divider .elementor-divider__text{direction:rtl}.e-con-inner>.elementor-widget-divider,.e-con>.elementor-widget-divider{width:var(--container-widget-width,100%);--flex-grow:var(--container-widget-flex-grow)}<\/style>\t\t<div class=\"elementor-divider\">\n\t\t\t<span class=\"elementor-divider-separator\">\n\t\t\t\t\t\t<\/span>\n\t\t<\/div>\n\t\t\t\t<\/div>\n\t\t\t\t<\/div>\n\t\t\t\t<div class=\"elementor-element elementor-element-ef6cc96 elementor-widget elementor-widget-heading\" data-id=\"ef6cc96\" data-element_type=\"widget\" data-widget_type=\"heading.default\">\n\t\t\t\t<div class=\"elementor-widget-container\">\n\t\t\t<h2 class=\"elementor-heading-title elementor-size-default\">SWINGERS EN MURCIA\n<\/h2>\t\t<\/div>\n\t\t\t\t<\/div>\n\t\t\t\t<div class=\"elementor-element elementor-element-79dec493 elementor-invisible elementor-widget elementor-widget-text-editor\" data-id=\"79dec493\" data-element_type=\"widget\" data-settings=\"{&quot;_animation&quot;:&quot;fadeIn&quot;}\" data-widget_type=\"text-editor.default\">\n\t\t\t\t<div class=\"elementor-widget-container\">\n\t\t\t\t\t\t\t<p>\u00bfHas fantaseado con formar parte de un intercambio de parejas, org\u00eda o tr\u00edo? \u00bfEst\u00e1s abierto\/a a conocer parejas liberales en Murcia buscando morbo y diversi\u00f3n? Te invitamos a unirte a la red social Swinger y de intercambio de parejas m\u00e1s activa de Murcia.<\/p>\t\t\t\t\t\t<\/div>\n\t\t\t\t<\/div>\n\t\t\t\t\t<\/div>\n\t\t\t\t<\/div>\n\t\t<div class=\"elementor-element elementor-element-54b711b5 e-con-full e-flex e-con e-parent\" data-id=\"54b711b5\" data-element_type=\"container\" data-settings=\"{&quot;content_width&quot;:&quot;full&quot;,&quot;background_background&quot;:&quot;classic&quot;}\" data-core-v316-plus=\"true\">\n\t\t<div class=\"elementor-element elementor-element-ab500c4 e-con-full e-flex e-con e-child\" data-id=\"ab500c4\" data-element_type=\"container\" data-settings=\"{&quot;content_width&quot;:&quot;full&quot;}\">\n\t\t\t\t<div class=\"elementor-element elementor-element-441a18ee elementor-position-left elementor-vertical-align-middle elementor-widget elementor-widget-image-box\" data-id=\"441a18ee\" data-element_type=\"widget\" data-widget_type=\"image-box.default\">\n\t\t\t\t<div class=\"elementor-widget-container\">\n\t\t\t<div class=\"elementor-image-box-wrapper\"><figure class=\"elementor-image-box-img\"><img loading=\"lazy\" decoding=\"async\" width=\"207\" height=\"185\" src=\"https:\/\/parejasliberalesenmurcia.mundolumis.com\/wp-content\/uploads\/2023\/11\/AboutPage-Testimonials_1.jpg\" class=\"attachment-full size-full wp-image-48\" alt=\"\" \/><\/figure><div class=\"elementor-image-box-content\"><p class=\"elementor-image-box-title\">\u201cVamos cada dos semanas a un club con algunos amigos del grupo. Normalmente se une gente nueva atra\u00edda por las risas. Aqu\u00ed solo hemos encontrado diversi\u00f3n.\" <\/p><p class=\"elementor-image-box-description\">Pepe L\u00f3pez<\/p><\/div><\/div>\t\t<\/div>\n\t\t\t\t<\/div>\n\t\t\t\t<div class=\"elementor-element elementor-element-a7bb365 elementor-position-left elementor-vertical-align-middle elementor-widget elementor-widget-image-box\" data-id=\"a7bb365\" data-element_type=\"widget\" data-widget_type=\"image-box.default\">\n\t\t\t\t<div class=\"elementor-widget-container\">\n\t\t\t<div class=\"elementor-image-box-wrapper\"><figure class=\"elementor-image-box-img\"><img loading=\"lazy\" decoding=\"async\" width=\"207\" height=\"185\" src=\"https:\/\/parejasliberalesenmurcia.mundolumis.com\/wp-content\/uploads\/2023\/11\/AboutPage-Testimonials_2.jpg\" class=\"attachment-full size-full wp-image-49\" alt=\"\" \/><\/figure><div class=\"elementor-image-box-content\"><p class=\"elementor-image-box-title\">\u201cNuestra relaci\u00f3n estaba estancada. Una amiga me sugiri\u00f3 ponerle m\u00e1s picante pero no sab\u00eda qu\u00e9 o c\u00f3mo y buscando en internet y descubr\u00ed que existen los intercambios y todo un mundo que no hubiera imaginado. Ahora mi marido y yo estamos m\u00e1s unidos que nunca.\" <\/p><p class=\"elementor-image-box-description\">Mary Rodr\u00edguez<\/p><\/div><\/div>\t\t<\/div>\n\t\t\t\t<\/div>\n\t\t\t\t<\/div>\n\t\t\t\t<div class=\"elementor-element elementor-element-d075abd elementor-invisible elementor-widget elementor-widget-heading\" data-id=\"d075abd\" data-element_type=\"widget\" data-settings=\"{&quot;_animation&quot;:&quot;fadeInUp&quot;}\" data-widget_type=\"heading.default\">\n\t\t\t\t<div class=\"elementor-widget-container\">\n\t\t\t<span class=\"elementor-heading-title elementor-size-default\"><a href=\"https:\/\/parejasliberalesx.com\/\">#parejasliberalesx<\/a><\/span>\t\t<\/div>\n\t\t\t\t<\/div>\n\t\t\t\t<\/div>\n\t\t<div class=\"elementor-element elementor-element-6c7da2f e-flex e-con-boxed e-con e-parent\" data-id=\"6c7da2f\" data-element_type=\"container\" data-settings=\"{&quot;content_width&quot;:&quot;boxed&quot;}\" data-core-v316-plus=\"true\">\n\t\t\t\t\t<div class=\"e-con-inner\">\n\t\t\t\t\t<\/div>\n\t\t\t\t<\/div>\n\t\t\t\t\t\t\t<\/div>\n\t\t","protected":false},"excerpt":{"rendered":"<p>Somos un grupo de personas liberales \u00danete a nosotros y conoce los mejores locales swingers en Murcia. Conoce parejas liberales en Murcia hoy mismo. studio Nos encanta disfrutar El sexo y la pasi\u00f3n son ingredientes fundamentales para que una relaci\u00f3n funcione y nosotros lo sabemos muy bien.\u00a0 Amo a mi pareja pero la amo todav\u00eda [&hellip;]<\/p>\n","protected":false},"author":1,"featured_media":0,"parent":0,"menu_order":0,"comment_status":"closed","ping_status":"closed","template":"elementor_header_footer","meta":{"om_disable_all_campaigns":false,"_monsterinsights_skip_tracking":false,"_monsterinsights_sitenote_active":false,"_monsterinsights_sitenote_note":"","_monsterinsights_sitenote_category":0,"_uf_show_specific_survey":0,"_uf_disable_surveys":false,"footnotes":""},"aioseo_notices":[],"_links":{"self":[{"href":"https:\/\/parejasliberalesenmurcia.mundolumis.com\/index.php\/wp-json\/wp\/v2\/pages\/41"}],"collection":[{"href":"https:\/\/parejasliberalesenmurcia.mundolumis.com\/index.php\/wp-json\/wp\/v2\/pages"}],"about":[{"href":"https:\/\/parejasliberalesenmurcia.mundolumis.com\/index.php\/wp-json\/wp\/v2\/types\/page"}],"author":[{"embeddable":true,"href":"https:\/\/parejasliberalesenmurcia.mundolumis.com\/index.php\/wp-json\/wp\/v2\/users\/1"}],"replies":[{"embeddable":true,"href":"https:\/\/parejasliberalesenmurcia.mundolumis.com\/index.php\/wp-json\/wp\/v2\/comments?post=41"}],"version-history":[{"count":19,"href":"https:\/\/parejasliberalesenmurcia.mundolumis.com\/index.php\/wp-json\/wp\/v2\/pages\/41\/revisions"}],"predecessor-version":[{"id":112,"href":"https:\/\/parejasliberalesenmurcia.mundolumis.com\/index.php\/wp-json\/wp\/v2\/pages\/41\/revisions\/112"}],"wp:attachment":[{"href":"https:\/\/parejasliberalesenmurcia.mundolumis.com\/index.php\/wp-json\/wp\/v2\/media?parent=41"}],"curies":[{"name":"wp","href":"https:\/\/api.w.org\/{rel}","templated":true}]}}